{"id":6,"date":"2021-03-18T22:31:39","date_gmt":"2021-03-18T22:31:39","guid":{"rendered":"http:\/\/ilovebigbits.com\/site\/?page_id=6"},"modified":"2026-01-15T21:10:17","modified_gmt":"2026-01-15T21:10:17","slug":"home","status":"publish","type":"page","link":"http:\/\/www.horium.ca\/fr\/","title":{"rendered":"Accueil"},"content":{"rendered":"<div data-elementor-type=\"wp-page\" data-elementor-id=\"6\" class=\"elementor elementor-6\">\n\t\t\t\t\t\t<section class=\"elementor-section elementor-top-section elementor-element elementor-element-730fbb5 elementor-section-height-min-height elementor-section-boxed elementor-section-height-default elementor-section-items-middle\" data-id=\"730fbb5\" data-element_type=\"section\" data-settings=\"{&quot;background_background&quot;:&quot;classic&quot;}\">\n\t\t\t\t\t\t<div class=\"elementor-container elementor-column-gap-default\">\n\t\t\t\t\t<div class=\"elementor-column elementor-col-100 elementor-top-column elementor-element elementor-element-6da365b\" data-id=\"6da365b\" data-element_type=\"column\">\n\t\t\t<div class=\"elementor-widget-wrap elementor-element-populated\">\n\t\t\t\t\t\t<section class=\"elementor-section elementor-inner-section elementor-element elementor-element-518e49f elementor-section-boxed elementor-section-height-default elementor-section-height-default\" data-id=\"518e49f\" data-element_type=\"section\">\n\t\t\t\t\t\t<div class=\"elementor-container elementor-column-gap-default\">\n\t\t\t\t\t<div class=\"elementor-column elementor-col-50 elementor-inner-column elementor-element elementor-element-912de0b\" data-id=\"912de0b\" data-element_type=\"column\">\n\t\t\t<div class=\"elementor-widget-wrap elementor-element-populated\">\n\t\t\t\t\t\t<div class=\"elementor-element elementor-element-02171db elementor-widget elementor-widget-heading\" data-id=\"02171db\" data-element_type=\"widget\" data-widget_type=\"heading.default\">\n\t\t\t\t<div class=\"elementor-widget-container\">\n\t\t\t\t\t<h1 class=\"elementor-heading-title elementor-size-default\">Plus de 40 ans d\u2019excellence dans les aliments de soja.<\/h1>\t\t\t\t<\/div>\n\t\t\t\t<\/div>\n\t\t\t\t\t<\/div>\n\t\t<\/div>\n\t\t\t\t<div class=\"elementor-column elementor-col-50 elementor-inner-column elementor-element elementor-element-4aa3078\" data-id=\"4aa3078\" data-element_type=\"column\">\n\t\t\t<div class=\"elementor-widget-wrap\">\n\t\t\t\t\t\t\t<\/div>\n\t\t<\/div>\n\t\t\t\t\t<\/div>\n\t\t<\/section>\n\t\t\t\t\t<\/div>\n\t\t<\/div>\n\t\t\t\t\t<\/div>\n\t\t<\/section>\n\t\t\t\t<section class=\"elementor-section elementor-top-section elementor-element elementor-element-ce05b9b elementor-section-boxed elementor-section-height-default elementor-section-height-default\" data-id=\"ce05b9b\" data-element_type=\"section\" data-settings=\"{&quot;background_background&quot;:&quot;classic&quot;}\">\n\t\t\t\t\t\t<div class=\"elementor-container elementor-column-gap-default\">\n\t\t\t\t\t<div class=\"elementor-column elementor-col-100 elementor-top-column elementor-element elementor-element-65300cc\" data-id=\"65300cc\" data-element_type=\"column\">\n\t\t\t<div class=\"elementor-widget-wrap elementor-element-populated\">\n\t\t\t\t\t\t<section class=\"elementor-section elementor-inner-section elementor-element elementor-element-a0acbf9 elementor-section-boxed elementor-section-height-default elementor-section-height-default\" data-id=\"a0acbf9\" data-element_type=\"section\">\n\t\t\t\t\t\t<div class=\"elementor-container elementor-column-gap-default\">\n\t\t\t\t\t<div class=\"elementor-column elementor-col-100 elementor-inner-column elementor-element elementor-element-3e4966f\" data-id=\"3e4966f\" data-element_type=\"column\">\n\t\t\t<div class=\"elementor-widget-wrap elementor-element-populated\">\n\t\t\t\t\t\t<div class=\"elementor-element elementor-element-f90eea8 elementor-widget elementor-widget-heading\" data-id=\"f90eea8\" data-element_type=\"widget\" data-widget_type=\"heading.default\">\n\t\t\t\t<div class=\"elementor-widget-container\">\n\t\t\t\t\t<h2 class=\"elementor-heading-title elementor-size-default\">D\u00e9couvrez nos produits<\/h2>\t\t\t\t<\/div>\n\t\t\t\t<\/div>\n\t\t\t\t<div class=\"elementor-element elementor-element-aae3b73 elementor-arrows-position-inside elementor-widget elementor-widget-image-carousel\" data-id=\"aae3b73\" data-element_type=\"widget\" data-settings=\"{&quot;slides_to_show&quot;:&quot;1&quot;,&quot;navigation&quot;:&quot;arrows&quot;,&quot;autoplay&quot;:&quot;yes&quot;,&quot;pause_on_hover&quot;:&quot;yes&quot;,&quot;pause_on_interaction&quot;:&quot;yes&quot;,&quot;autoplay_speed&quot;:5000,&quot;infinite&quot;:&quot;yes&quot;,&quot;effect&quot;:&quot;slide&quot;,&quot;speed&quot;:500}\" data-widget_type=\"image-carousel.default\">\n\t\t\t\t<div class=\"elementor-widget-container\">\n\t\t\t\t\t\t\t<div class=\"elementor-image-carousel-wrapper swiper\" role=\"region\" aria-roledescription=\"carousel\" aria-label=\"Image Carousel\" dir=\"ltr\">\n\t\t\t<div class=\"elementor-image-carousel swiper-wrapper\" aria-live=\"off\">\n\t\t\t\t\t\t\t\t<div class=\"swiper-slide\" role=\"group\" aria-roledescription=\"slide\" aria-label=\"1 of 5\"><a data-elementor-open-lightbox=\"yes\" data-elementor-lightbox-slideshow=\"aae3b73\" data-elementor-lightbox-title=\"1776_1776-Organic-Firm-Tofu-Aliments-Horium\" data-e-action-hash=\"#elementor-action%3Aaction%3Dlightbox%26settings%3DeyJpZCI6OTE1LCJ1cmwiOiJodHRwOlwvXC93d3cuaG9yaXVtLmNhXC93cC1jb250ZW50XC91cGxvYWRzXC8yMDI2XC8wMVwvMTc3Nl8xNzc2LU9yZ2FuaWMtRmlybS1Ub2Z1LUFsaW1lbnRzLUhvcml1bS5qcGciLCJzbGlkZXNob3ciOiJhYWUzYjczIn0%3D\" href=\"\/fr\/products\/\"><figure class=\"swiper-slide-inner\"><img decoding=\"async\" class=\"swiper-slide-image\" src=\"http:\/\/www.horium.ca\/wp-content\/uploads\/2026\/01\/1776_1776-Organic-Firm-Tofu-Aliments-Horium.jpg\" alt=\"1776_1776-Organic-Firm-Tofu-Aliments-Horium\" \/><\/figure><\/a><\/div><div class=\"swiper-slide\" role=\"group\" aria-roledescription=\"slide\" aria-label=\"2 of 5\"><a data-elementor-open-lightbox=\"yes\" data-elementor-lightbox-slideshow=\"aae3b73\" data-elementor-lightbox-title=\"1777_1777-Organic-Super-Smooth-Tofu-Aliments-Horium\" data-e-action-hash=\"#elementor-action%3Aaction%3Dlightbox%26settings%3DeyJpZCI6OTE2LCJ1cmwiOiJodHRwOlwvXC93d3cuaG9yaXVtLmNhXC93cC1jb250ZW50XC91cGxvYWRzXC8yMDI2XC8wMVwvMTc3N18xNzc3LU9yZ2FuaWMtU3VwZXItU21vb3RoLVRvZnUtQWxpbWVudHMtSG9yaXVtLmpwZyIsInNsaWRlc2hvdyI6ImFhZTNiNzMifQ%3D%3D\" href=\"\/fr\/products\/\"><figure class=\"swiper-slide-inner\"><img decoding=\"async\" class=\"swiper-slide-image\" src=\"http:\/\/www.horium.ca\/wp-content\/uploads\/2026\/01\/1777_1777-Organic-Super-Smooth-Tofu-Aliments-Horium.jpg\" alt=\"1777_1777-Organic-Super-Smooth-Tofu-Aliments-Horium\" \/><\/figure><\/a><\/div><div class=\"swiper-slide\" role=\"group\" aria-roledescription=\"slide\" aria-label=\"3 of 5\"><a data-elementor-open-lightbox=\"yes\" data-elementor-lightbox-slideshow=\"aae3b73\" data-elementor-lightbox-title=\"1778_1778-Organic-Soft-Tofu--dessert-tofu--Aliments-Horium\" data-e-action-hash=\"#elementor-action%3Aaction%3Dlightbox%26settings%3DeyJpZCI6OTE3LCJ1cmwiOiJodHRwOlwvXC93d3cuaG9yaXVtLmNhXC93cC1jb250ZW50XC91cGxvYWRzXC8yMDI2XC8wMVwvMTc3OF8xNzc4LU9yZ2FuaWMtU29mdC1Ub2Z1LWRlc3NlcnQtdG9mdS1BbGltZW50cy1Ib3JpdW0uanBnIiwic2xpZGVzaG93IjoiYWFlM2I3MyJ9\" href=\"\/fr\/products\/\"><figure class=\"swiper-slide-inner\"><img decoding=\"async\" class=\"swiper-slide-image\" src=\"http:\/\/www.horium.ca\/wp-content\/uploads\/2026\/01\/1778_1778-Organic-Soft-Tofu-dessert-tofu-Aliments-Horium.jpg\" alt=\"1778_1778-Organic-Soft-Tofu--dessert-tofu--Aliments-Horium\" \/><\/figure><\/a><\/div><div class=\"swiper-slide\" role=\"group\" aria-roledescription=\"slide\" aria-label=\"4 of 5\"><a data-elementor-open-lightbox=\"yes\" data-elementor-lightbox-slideshow=\"aae3b73\" data-elementor-lightbox-title=\"4932_4932-Organic-Tofu-Strings-Aliments-Horium\" data-e-action-hash=\"#elementor-action%3Aaction%3Dlightbox%26settings%3DeyJpZCI6OTE4LCJ1cmwiOiJodHRwOlwvXC93d3cuaG9yaXVtLmNhXC93cC1jb250ZW50XC91cGxvYWRzXC8yMDI2XC8wMVwvNDkzMl80OTMyLU9yZ2FuaWMtVG9mdS1TdHJpbmdzLUFsaW1lbnRzLUhvcml1bS5qcGciLCJzbGlkZXNob3ciOiJhYWUzYjczIn0%3D\" href=\"\/fr\/products\/\"><figure class=\"swiper-slide-inner\"><img decoding=\"async\" class=\"swiper-slide-image\" src=\"http:\/\/www.horium.ca\/wp-content\/uploads\/2026\/01\/4932_4932-Organic-Tofu-Strings-Aliments-Horium.jpg\" alt=\"4932_4932-Organic-Tofu-Strings-Aliments-Horium\" \/><\/figure><\/a><\/div><div class=\"swiper-slide\" role=\"group\" aria-roledescription=\"slide\" aria-label=\"5 of 5\"><a data-elementor-open-lightbox=\"yes\" data-elementor-lightbox-slideshow=\"aae3b73\" data-elementor-lightbox-title=\"4933_4933-Chinese-Spice-Tofu-Squares-Aliments-Horium\" data-e-action-hash=\"#elementor-action%3Aaction%3Dlightbox%26settings%3DeyJpZCI6OTE5LCJ1cmwiOiJodHRwOlwvXC93d3cuaG9yaXVtLmNhXC93cC1jb250ZW50XC91cGxvYWRzXC8yMDI2XC8wMVwvNDkzM180OTMzLUNoaW5lc2UtU3BpY2UtVG9mdS1TcXVhcmVzLUFsaW1lbnRzLUhvcml1bS5qcGciLCJzbGlkZXNob3ciOiJhYWUzYjczIn0%3D\" href=\"\/fr\/products\/\"><figure class=\"swiper-slide-inner\"><img decoding=\"async\" class=\"swiper-slide-image\" src=\"http:\/\/www.horium.ca\/wp-content\/uploads\/2026\/01\/4933_4933-Chinese-Spice-Tofu-Squares-Aliments-Horium.jpg\" alt=\"4933_4933-Chinese-Spice-Tofu-Squares-Aliments-Horium\" \/><\/figure><\/a><\/div>\t\t\t<\/div>\n\t\t\t\t\t\t\t\t\t\t\t\t<div class=\"elementor-swiper-button elementor-swiper-button-prev\" role=\"button\" tabindex=\"0\">\n\t\t\t\t\t\t<i aria-hidden=\"true\" class=\"eicon-chevron-left\"><\/i>\t\t\t\t\t<\/div>\n\t\t\t\t\t<div class=\"elementor-swiper-button elementor-swiper-button-next\" role=\"button\" tabindex=\"0\">\n\t\t\t\t\t\t<i aria-hidden=\"true\" class=\"eicon-chevron-right\"><\/i>\t\t\t\t\t<\/div>\n\t\t\t\t\n\t\t\t\t\t\t\t\t\t<\/div>\n\t\t\t\t\t\t<\/div>\n\t\t\t\t<\/div>\n\t\t\t\t<div class=\"elementor-element elementor-element-90892af elementor-widget elementor-widget-text-editor\" data-id=\"90892af\" data-element_type=\"widget\" data-widget_type=\"text-editor.default\">\n\t\t\t\t<div class=\"elementor-widget-container\">\n\t\t\t\t\t\t\t\t\t<p>Fond\u00e9e par la famille Ho en 1982 (bien avant que le tofu ne devienne tendance), Horium Foods s\u2019est donn\u00e9 pour mission de produire du tofu local dans le quartier Saint\u2011Henri \u00e0 Montr\u00e9al. En alliant <a href=\"http:\/\/www.horium.ca\/fr\/about-us\/\">traditions chinoises et science alimentaire<\/a>, le Dr Chong Hong Ho a mis au point sa propre recette novatrice de tofu, \u00e9labor\u00e9e directement \u00e0 partir de la f\u00e8ve. Aujourd\u2019hui, <a href=\"http:\/\/www.horium.ca\/fr\/products\/\">les produits de tofu Horium<\/a> sont offerts dans les meilleurs\u00a0<a href=\"http:\/\/www.horium.ca\/fr\/retail-locations\/\" rel=\"noopener\">points de vente<\/a>\u00a0\u00e0 travers la ville.<\/p>\t\t\t\t\t\t\t\t<\/div>\n\t\t\t\t<\/div>\n\t\t\t\t\t<\/div>\n\t\t<\/div>\n\t\t\t\t\t<\/div>\n\t\t<\/section>\n\t\t\t\t\t<\/div>\n\t\t<\/div>\n\t\t\t\t\t<\/div>\n\t\t<\/section>\n\t\t\t\t<\/div>","protected":false},"excerpt":{"rendered":"<p>The highest quality soy foods for over 40 years. Explore Our Products Founded by the Ho family in 1982 (long before tofu was all the rage), Horium Foods set out to make local tofu in Montreal\u2019s Saint-Henri neighbourhood. By combining Chinese traditions and food science, Dr. Chong Hong Ho crafted his own novel tofu recipe [&hellip;]<\/p>","protected":false},"author":1,"featured_media":0,"parent":0,"menu_order":0,"comment_status":"closed","ping_status":"closed","template":"","meta":{"site-sidebar-layout":"no-sidebar","site-content-layout":"page-builder","ast-site-content-layout":"default","site-content-style":"default","site-sidebar-style":"default","ast-global-header-display":"","ast-banner-title-visibility":"","ast-main-header-display":"","ast-hfb-above-header-display":"","ast-hfb-below-header-display":"","ast-hfb-mobile-header-display":"","site-post-title":"disabled","ast-breadcrumbs-content":"","ast-featured-img":"","footer-sml-layout":"","ast-disable-related-posts":"","theme-transparent-header-meta":"default","adv-header-id-meta":"","stick-header-meta":"","header-above-stick-meta":"","header-main-stick-meta":"","header-below-stick-meta":"","astra-migrate-meta-layouts":"default","ast-page-background-enabled":"default","ast-page-background-meta":{"desktop":{"background-color":"var(--ast-global-color-4)","background-image":"","background-repeat":"repeat","background-position":"center center","background-size":"auto","background-attachment":"scroll","background-type":"","background-media":"","overlay-type":"","overlay-color":"","overlay-opacity":"","overlay-gradient":""},"tablet":{"background-color":"","background-image":"","background-repeat":"repeat","background-position":"center center","background-size":"auto","background-attachment":"scroll","background-type":"","background-media":"","overlay-type":"","overlay-color":"","overlay-opacity":"","overlay-gradient":""},"mobile":{"background-color":"","background-image":"","background-repeat":"repeat","background-position":"center center","background-size":"auto","background-attachment":"scroll","background-type":"","background-media":"","overlay-type":"","overlay-color":"","overlay-opacity":"","overlay-gradient":""}},"ast-content-background-meta":{"desktop":{"background-color":"var(--ast-global-color-5)","background-image":"","background-repeat":"repeat","background-position":"center center","background-size":"auto","background-attachment":"scroll","background-type":"","background-media":"","overlay-type":"","overlay-color":"","overlay-opacity":"","overlay-gradient":""},"tablet":{"background-color":"var(--ast-global-color-5)","background-image":"","background-repeat":"repeat","background-position":"center center","background-size":"auto","background-attachment":"scroll","background-type":"","background-media":"","overlay-type":"","overlay-color":"","overlay-opacity":"","overlay-gradient":""},"mobile":{"background-color":"var(--ast-global-color-5)","background-image":"","background-repeat":"repeat","background-position":"center center","background-size":"auto","background-attachment":"scroll","background-type":"","background-media":"","overlay-type":"","overlay-color":"","overlay-opacity":"","overlay-gradient":""}},"footnotes":""},"class_list":["post-6","page","type-page","status-publish","hentry"],"_links":{"self":[{"href":"http:\/\/www.horium.ca\/fr\/wp-json\/wp\/v2\/pages\/6","targetHints":{"allow":["GET"]}}],"collection":[{"href":"http:\/\/www.horium.ca\/fr\/wp-json\/wp\/v2\/pages"}],"about":[{"href":"http:\/\/www.horium.ca\/fr\/wp-json\/wp\/v2\/types\/page"}],"author":[{"embeddable":true,"href":"http:\/\/www.horium.ca\/fr\/wp-json\/wp\/v2\/users\/1"}],"replies":[{"embeddable":true,"href":"http:\/\/www.horium.ca\/fr\/wp-json\/wp\/v2\/comments?post=6"}],"version-history":[{"count":520,"href":"http:\/\/www.horium.ca\/fr\/wp-json\/wp\/v2\/pages\/6\/revisions"}],"predecessor-version":[{"id":1225,"href":"http:\/\/www.horium.ca\/fr\/wp-json\/wp\/v2\/pages\/6\/revisions\/1225"}],"wp:attachment":[{"href":"http:\/\/www.horium.ca\/fr\/wp-json\/wp\/v2\/media?parent=6"}],"curies":[{"name":"wp","href":"https:\/\/api.w.org\/{rel}","templated":true}]}}