{"id":946,"date":"2026-01-06T15:03:35","date_gmt":"2026-01-06T15:03:35","guid":{"rendered":"http:\/\/www.horium.ca\/?page_id=946"},"modified":"2026-01-13T04:21:40","modified_gmt":"2026-01-13T04:21:40","slug":"products","status":"publish","type":"page","link":"http:\/\/www.horium.ca\/fr\/products\/","title":{"rendered":"Produits"},"content":{"rendered":"<div data-elementor-type=\"wp-page\" data-elementor-id=\"946\" class=\"elementor elementor-946\">\n\t\t\t\t\t\t<section class=\"elementor-section elementor-top-section elementor-element elementor-element-730fbb5 elementor-section-height-min-height elementor-section-boxed elementor-section-height-default elementor-section-items-middle\" data-id=\"730fbb5\" data-element_type=\"section\" data-settings=\"{&quot;background_background&quot;:&quot;classic&quot;}\">\n\t\t\t\t\t\t<div class=\"elementor-container elementor-column-gap-default\">\n\t\t\t\t\t<div class=\"elementor-column elementor-col-100 elementor-top-column elementor-element elementor-element-6da365b\" data-id=\"6da365b\" data-element_type=\"column\">\n\t\t\t<div class=\"elementor-widget-wrap elementor-element-populated\">\n\t\t\t\t\t\t<section class=\"elementor-section elementor-inner-section elementor-element elementor-element-8a72383 elementor-section-boxed elementor-section-height-default elementor-section-height-default\" data-id=\"8a72383\" data-element_type=\"section\">\n\t\t\t\t\t\t<div class=\"elementor-container elementor-column-gap-default\">\n\t\t\t\t\t<div class=\"elementor-column elementor-col-50 elementor-inner-column elementor-element elementor-element-eb1830c\" data-id=\"eb1830c\" data-element_type=\"column\">\n\t\t\t<div class=\"elementor-widget-wrap elementor-element-populated\">\n\t\t\t\t\t\t<div class=\"elementor-element elementor-element-60d9860 elementor-widget elementor-widget-heading\" data-id=\"60d9860\" data-element_type=\"widget\" data-widget_type=\"heading.default\">\n\t\t\t\t<div class=\"elementor-widget-container\">\n\t\t\t\t\t<h1 class=\"elementor-heading-title elementor-size-default\">Nos produits<\/h1>\t\t\t\t<\/div>\n\t\t\t\t<\/div>\n\t\t\t\t\t<\/div>\n\t\t<\/div>\n\t\t\t\t<div class=\"elementor-column elementor-col-50 elementor-inner-column elementor-element elementor-element-c5ec949\" data-id=\"c5ec949\" data-element_type=\"column\">\n\t\t\t<div class=\"elementor-widget-wrap\">\n\t\t\t\t\t\t\t<\/div>\n\t\t<\/div>\n\t\t\t\t\t<\/div>\n\t\t<\/section>\n\t\t\t\t\t<\/div>\n\t\t<\/div>\n\t\t\t\t\t<\/div>\n\t\t<\/section>\n\t\t\t\t<section class=\"elementor-section elementor-top-section elementor-element elementor-element-c6f7a54 elementor-section-full_width elementor-section-height-default elementor-section-height-default\" data-id=\"c6f7a54\" data-element_type=\"section\" data-settings=\"{&quot;background_background&quot;:&quot;classic&quot;}\">\n\t\t\t\t\t\t\t<div class=\"elementor-background-overlay\"><\/div>\n\t\t\t\t\t\t\t<div class=\"elementor-container elementor-column-gap-default\">\n\t\t\t\t\t<div class=\"elementor-column elementor-col-100 elementor-top-column elementor-element elementor-element-2483a67\" data-id=\"2483a67\" data-element_type=\"column\">\n\t\t\t<div class=\"elementor-widget-wrap elementor-element-populated\">\n\t\t\t\t\t\t<section class=\"elementor-section elementor-inner-section elementor-element elementor-element-9cbf32e elementor-section-content-middle elementor-section-boxed elementor-section-height-default elementor-section-height-default\" data-id=\"9cbf32e\" data-element_type=\"section\">\n\t\t\t\t\t\t<div class=\"elementor-container elementor-column-gap-default\">\n\t\t\t\t\t<div class=\"elementor-column elementor-col-50 elementor-inner-column elementor-element elementor-element-28e75f7\" data-id=\"28e75f7\" data-element_type=\"column\">\n\t\t\t<div class=\"elementor-widget-wrap elementor-element-populated\">\n\t\t\t\t\t\t<div class=\"elementor-element elementor-element-3ffe1f3 elementor-widget elementor-widget-image\" data-id=\"3ffe1f3\" data-element_type=\"widget\" data-widget_type=\"image.default\">\n\t\t\t\t<div class=\"elementor-widget-container\">\n\t\t\t\t\t\t\t\t\t\t\t\t\t\t\t<img fetchpriority=\"high\" decoding=\"async\" width=\"645\" height=\"430\" src=\"http:\/\/www.horium.ca\/wp-content\/uploads\/2026\/01\/1776_1776-Organic-Firm-Tofu-Aliments-Horium.jpg\" class=\"attachment-full size-full wp-image-915\" alt=\"\" srcset=\"http:\/\/www.horium.ca\/wp-content\/uploads\/2026\/01\/1776_1776-Organic-Firm-Tofu-Aliments-Horium.jpg 645w, http:\/\/www.horium.ca\/wp-content\/uploads\/2026\/01\/1776_1776-Organic-Firm-Tofu-Aliments-Horium-300x200.jpg 300w\" sizes=\"(max-width: 645px) 100vw, 645px\" \/>\t\t\t\t\t\t\t\t\t\t\t\t\t\t\t<\/div>\n\t\t\t\t<\/div>\n\t\t\t\t\t<\/div>\n\t\t<\/div>\n\t\t\t\t<div class=\"elementor-column elementor-col-50 elementor-inner-column elementor-element elementor-element-025fd08\" data-id=\"025fd08\" data-element_type=\"column\">\n\t\t\t<div class=\"elementor-widget-wrap elementor-element-populated\">\n\t\t\t\t\t\t<div class=\"elementor-element elementor-element-2383b37 elementor-widget elementor-widget-text-editor\" data-id=\"2383b37\" data-element_type=\"widget\" data-widget_type=\"text-editor.default\">\n\t\t\t\t<div class=\"elementor-widget-container\">\n\t\t\t\t\t\t\t\t\t<h4><strong>Tofu Ferme Biologique<\/strong><\/h4><p>Certifi\u00e9 biologique, le tofu ferme de Les Aliments Horium est le compl\u00e9ment parfait \u00e0 vos saut\u00e9s, soupes et salades. Il peut \u00e9galement \u00eatre utilis\u00e9 comme un remplacement de la viande dans une vari\u00e9t\u00e9 de fa\u00e7ons, essayez de l'emietter dans la sauce pour p\u00e2tes ou m\u00eame faire griller sur le barbecue. Les possibilit\u00e9s d\u00e9licieux et nutritifs sont infinies. Disponible en paquets de 454 gramme.<\/p>\t\t\t\t\t\t\t\t<\/div>\n\t\t\t\t<\/div>\n\t\t\t\t\t<\/div>\n\t\t<\/div>\n\t\t\t\t\t<\/div>\n\t\t<\/section>\n\t\t\t\t<div class=\"elementor-element elementor-element-0823282 elementor-widget elementor-widget-spacer\" data-id=\"0823282\" data-element_type=\"widget\" data-widget_type=\"spacer.default\">\n\t\t\t\t<div class=\"elementor-widget-container\">\n\t\t\t\t\t\t\t<div class=\"elementor-spacer\">\n\t\t\t<div class=\"elementor-spacer-inner\"><\/div>\n\t\t<\/div>\n\t\t\t\t\t\t<\/div>\n\t\t\t\t<\/div>\n\t\t\t\t<section class=\"elementor-section elementor-inner-section elementor-element elementor-element-d2e25be elementor-section-content-middle elementor-reverse-mobile elementor-section-boxed elementor-section-height-default elementor-section-height-default\" data-id=\"d2e25be\" data-element_type=\"section\">\n\t\t\t\t\t\t<div class=\"elementor-container elementor-column-gap-default\">\n\t\t\t\t\t<div class=\"elementor-column elementor-col-50 elementor-inner-column elementor-element elementor-element-2c4eb6c\" data-id=\"2c4eb6c\" data-element_type=\"column\">\n\t\t\t<div class=\"elementor-widget-wrap elementor-element-populated\">\n\t\t\t\t\t\t<div class=\"elementor-element elementor-element-09f5258 elementor-widget elementor-widget-text-editor\" data-id=\"09f5258\" data-element_type=\"widget\" data-widget_type=\"text-editor.default\">\n\t\t\t\t<div class=\"elementor-widget-container\">\n\t\t\t\t\t\t\t\t\t<h4><strong>Super Cr\u00e9meux Biologique<\/strong><\/h4><p>Super cr\u00e9meux et l\u00e9ger. Le Tofu Biologique Super Cr\u00e9meux de Les Aliments Horium peut \u00eatre mang\u00e9 comme plat sucr\u00e9 ou sal\u00e9. Comme dessert, vous pouvez ajouter une sauce sucr\u00e9e, telle le sirop d'\u00e9rable ou le sirop sucr\u00e9 au gingembre. Une autre fa\u00e7on d\u00e9licieuse de le faire cuire est de l'ajouter aux potages, de le faire cuire chaud avec votre sauce ou assaisonnement pr\u00e9f\u00e9r\u00e9 ou de le cuire \u00e0 la vapeur avec du gingembre, de l'ail et \u00e9pices. Disponible en r\u00e9cipients de 1000 grammes.<\/p>\t\t\t\t\t\t\t\t<\/div>\n\t\t\t\t<\/div>\n\t\t\t\t\t<\/div>\n\t\t<\/div>\n\t\t\t\t<div class=\"elementor-column elementor-col-50 elementor-inner-column elementor-element elementor-element-d1da6ba\" data-id=\"d1da6ba\" data-element_type=\"column\">\n\t\t\t<div class=\"elementor-widget-wrap elementor-element-populated\">\n\t\t\t\t\t\t<div class=\"elementor-element elementor-element-a81d07a elementor-widget elementor-widget-image\" data-id=\"a81d07a\" data-element_type=\"widget\" data-widget_type=\"image.default\">\n\t\t\t\t<div class=\"elementor-widget-container\">\n\t\t\t\t\t\t\t\t\t\t\t\t\t\t\t<img decoding=\"async\" width=\"645\" height=\"430\" src=\"http:\/\/www.horium.ca\/wp-content\/uploads\/2026\/01\/1777_1777-Organic-Super-Smooth-Tofu-Aliments-Horium.jpg\" class=\"attachment-full size-full wp-image-916\" alt=\"\" srcset=\"http:\/\/www.horium.ca\/wp-content\/uploads\/2026\/01\/1777_1777-Organic-Super-Smooth-Tofu-Aliments-Horium.jpg 645w, http:\/\/www.horium.ca\/wp-content\/uploads\/2026\/01\/1777_1777-Organic-Super-Smooth-Tofu-Aliments-Horium-300x200.jpg 300w\" sizes=\"(max-width: 645px) 100vw, 645px\" \/>\t\t\t\t\t\t\t\t\t\t\t\t\t\t\t<\/div>\n\t\t\t\t<\/div>\n\t\t\t\t\t<\/div>\n\t\t<\/div>\n\t\t\t\t\t<\/div>\n\t\t<\/section>\n\t\t\t\t<div class=\"elementor-element elementor-element-be1c70a elementor-widget elementor-widget-spacer\" data-id=\"be1c70a\" data-element_type=\"widget\" data-widget_type=\"spacer.default\">\n\t\t\t\t<div class=\"elementor-widget-container\">\n\t\t\t\t\t\t\t<div class=\"elementor-spacer\">\n\t\t\t<div class=\"elementor-spacer-inner\"><\/div>\n\t\t<\/div>\n\t\t\t\t\t\t<\/div>\n\t\t\t\t<\/div>\n\t\t\t\t<section class=\"elementor-section elementor-inner-section elementor-element elementor-element-098cbe4 elementor-section-content-middle elementor-section-boxed elementor-section-height-default elementor-section-height-default\" data-id=\"098cbe4\" data-element_type=\"section\">\n\t\t\t\t\t\t<div class=\"elementor-container elementor-column-gap-default\">\n\t\t\t\t\t<div class=\"elementor-column elementor-col-50 elementor-inner-column elementor-element elementor-element-8ac9177\" data-id=\"8ac9177\" data-element_type=\"column\">\n\t\t\t<div class=\"elementor-widget-wrap elementor-element-populated\">\n\t\t\t\t\t\t<div class=\"elementor-element elementor-element-c5a0b88 elementor-widget elementor-widget-image\" data-id=\"c5a0b88\" data-element_type=\"widget\" data-widget_type=\"image.default\">\n\t\t\t\t<div class=\"elementor-widget-container\">\n\t\t\t\t\t\t\t\t\t\t\t\t\t\t\t<img decoding=\"async\" width=\"645\" height=\"430\" src=\"http:\/\/www.horium.ca\/wp-content\/uploads\/2026\/01\/4932_4932-Organic-Tofu-Strings-Aliments-Horium.jpg\" class=\"attachment-full size-full wp-image-918\" alt=\"\" srcset=\"http:\/\/www.horium.ca\/wp-content\/uploads\/2026\/01\/4932_4932-Organic-Tofu-Strings-Aliments-Horium.jpg 645w, http:\/\/www.horium.ca\/wp-content\/uploads\/2026\/01\/4932_4932-Organic-Tofu-Strings-Aliments-Horium-300x200.jpg 300w\" sizes=\"(max-width: 645px) 100vw, 645px\" \/>\t\t\t\t\t\t\t\t\t\t\t\t\t\t\t<\/div>\n\t\t\t\t<\/div>\n\t\t\t\t\t<\/div>\n\t\t<\/div>\n\t\t\t\t<div class=\"elementor-column elementor-col-50 elementor-inner-column elementor-element elementor-element-0f575a8\" data-id=\"0f575a8\" data-element_type=\"column\">\n\t\t\t<div class=\"elementor-widget-wrap elementor-element-populated\">\n\t\t\t\t\t\t<div class=\"elementor-element elementor-element-0c06738 elementor-widget elementor-widget-text-editor\" data-id=\"0c06738\" data-element_type=\"widget\" data-widget_type=\"text-editor.default\">\n\t\t\t\t<div class=\"elementor-widget-container\">\n\t\t\t\t\t\t\t\t\t<h4><strong>Filaments Biologique<\/strong><\/h4>\n\t\nUne cr\u00e9ation unique de Les Aliments Horium, ce produit ressemblant aux nouilles, peut \u00eatre mang\u00e9 chaud ou froid. Essayez de le mariner avec diff\u00e9rents assaisonnements, comme avec la sauce teriyaki ou la sauce aux hu\u00eetres. Vous pouvez aussi l'employer \u00e0 compl\u00e9menter tous les plats de salade ou de potage. Disponible en paquets de 225 grammes.\t\t\t\t\t\t\t\t<\/div>\n\t\t\t\t<\/div>\n\t\t\t\t\t<\/div>\n\t\t<\/div>\n\t\t\t\t\t<\/div>\n\t\t<\/section>\n\t\t\t\t<div class=\"elementor-element elementor-element-e527fd0 elementor-widget elementor-widget-spacer\" data-id=\"e527fd0\" data-element_type=\"widget\" data-widget_type=\"spacer.default\">\n\t\t\t\t<div class=\"elementor-widget-container\">\n\t\t\t\t\t\t\t<div class=\"elementor-spacer\">\n\t\t\t<div class=\"elementor-spacer-inner\"><\/div>\n\t\t<\/div>\n\t\t\t\t\t\t<\/div>\n\t\t\t\t<\/div>\n\t\t\t\t<section class=\"elementor-section elementor-inner-section elementor-element elementor-element-97b7719 elementor-section-content-middle elementor-reverse-mobile elementor-section-boxed elementor-section-height-default elementor-section-height-default\" data-id=\"97b7719\" data-element_type=\"section\">\n\t\t\t\t\t\t<div class=\"elementor-container elementor-column-gap-default\">\n\t\t\t\t\t<div class=\"elementor-column elementor-col-50 elementor-inner-column elementor-element elementor-element-cfc3b5c\" data-id=\"cfc3b5c\" data-element_type=\"column\">\n\t\t\t<div class=\"elementor-widget-wrap elementor-element-populated\">\n\t\t\t\t\t\t<div class=\"elementor-element elementor-element-fa061f4 elementor-widget elementor-widget-text-editor\" data-id=\"fa061f4\" data-element_type=\"widget\" data-widget_type=\"text-editor.default\">\n\t\t\t\t<div class=\"elementor-widget-container\">\n\t\t\t\t\t\t\t\t\t<h4><strong>Dessert de Soya Biologique<\/strong><\/h4>\n\t\nLe dessert de soya biologique de Les Aliments Horium est fait avec tous les ingr\u00e9dients naturels et peut \u00eatre mang\u00e9 comme tel (saveur nature). Vous pouvez aussi ajouter vos propres assaisonnements, tels que le sirop d'\u00e9rable, la confiture ou les fruits frais. Disponible en r\u00e9cipients de 500 grammes.\t\t\t\t\t\t\t\t<\/div>\n\t\t\t\t<\/div>\n\t\t\t\t\t<\/div>\n\t\t<\/div>\n\t\t\t\t<div class=\"elementor-column elementor-col-50 elementor-inner-column elementor-element elementor-element-e1e0c1a\" data-id=\"e1e0c1a\" data-element_type=\"column\">\n\t\t\t<div class=\"elementor-widget-wrap elementor-element-populated\">\n\t\t\t\t\t\t<div class=\"elementor-element elementor-element-1710841 elementor-widget elementor-widget-image\" data-id=\"1710841\" data-element_type=\"widget\" data-widget_type=\"image.default\">\n\t\t\t\t<div class=\"elementor-widget-container\">\n\t\t\t\t\t\t\t\t\t\t\t\t\t\t\t<img loading=\"lazy\" decoding=\"async\" width=\"645\" height=\"430\" src=\"http:\/\/www.horium.ca\/wp-content\/uploads\/2026\/01\/1778_1778-Organic-Soft-Tofu-dessert-tofu-Aliments-Horium.jpg\" class=\"attachment-full size-full wp-image-917\" alt=\"\" srcset=\"http:\/\/www.horium.ca\/wp-content\/uploads\/2026\/01\/1778_1778-Organic-Soft-Tofu-dessert-tofu-Aliments-Horium.jpg 645w, http:\/\/www.horium.ca\/wp-content\/uploads\/2026\/01\/1778_1778-Organic-Soft-Tofu-dessert-tofu-Aliments-Horium-300x200.jpg 300w\" sizes=\"(max-width: 645px) 100vw, 645px\" \/>\t\t\t\t\t\t\t\t\t\t\t\t\t\t\t<\/div>\n\t\t\t\t<\/div>\n\t\t\t\t\t<\/div>\n\t\t<\/div>\n\t\t\t\t\t<\/div>\n\t\t<\/section>\n\t\t\t\t<div class=\"elementor-element elementor-element-e7a6322 elementor-widget elementor-widget-spacer\" data-id=\"e7a6322\" data-element_type=\"widget\" data-widget_type=\"spacer.default\">\n\t\t\t\t<div class=\"elementor-widget-container\">\n\t\t\t\t\t\t\t<div class=\"elementor-spacer\">\n\t\t\t<div class=\"elementor-spacer-inner\"><\/div>\n\t\t<\/div>\n\t\t\t\t\t\t<\/div>\n\t\t\t\t<\/div>\n\t\t\t\t<section class=\"elementor-section elementor-inner-section elementor-element elementor-element-884c5ad elementor-section-content-middle elementor-section-boxed elementor-section-height-default elementor-section-height-default\" data-id=\"884c5ad\" data-element_type=\"section\">\n\t\t\t\t\t\t<div class=\"elementor-container elementor-column-gap-default\">\n\t\t\t\t\t<div class=\"elementor-column elementor-col-50 elementor-inner-column elementor-element elementor-element-175e95a\" data-id=\"175e95a\" data-element_type=\"column\">\n\t\t\t<div class=\"elementor-widget-wrap elementor-element-populated\">\n\t\t\t\t\t\t<div class=\"elementor-element elementor-element-8aea822 elementor-widget elementor-widget-image\" data-id=\"8aea822\" data-element_type=\"widget\" data-widget_type=\"image.default\">\n\t\t\t\t<div class=\"elementor-widget-container\">\n\t\t\t\t\t\t\t\t\t\t\t\t\t\t\t<img loading=\"lazy\" decoding=\"async\" width=\"645\" height=\"430\" src=\"http:\/\/www.horium.ca\/wp-content\/uploads\/2026\/01\/4933_4933-Chinese-Spice-Tofu-Squares-Aliments-Horium.jpg\" class=\"attachment-full size-full wp-image-919\" alt=\"\" srcset=\"http:\/\/www.horium.ca\/wp-content\/uploads\/2026\/01\/4933_4933-Chinese-Spice-Tofu-Squares-Aliments-Horium.jpg 645w, http:\/\/www.horium.ca\/wp-content\/uploads\/2026\/01\/4933_4933-Chinese-Spice-Tofu-Squares-Aliments-Horium-300x200.jpg 300w\" sizes=\"(max-width: 645px) 100vw, 645px\" \/>\t\t\t\t\t\t\t\t\t\t\t\t\t\t\t<\/div>\n\t\t\t\t<\/div>\n\t\t\t\t\t<\/div>\n\t\t<\/div>\n\t\t\t\t<div class=\"elementor-column elementor-col-50 elementor-inner-column elementor-element elementor-element-92bf961\" data-id=\"92bf961\" data-element_type=\"column\">\n\t\t\t<div class=\"elementor-widget-wrap elementor-element-populated\">\n\t\t\t\t\t\t<div class=\"elementor-element elementor-element-c35f29b elementor-widget elementor-widget-text-editor\" data-id=\"c35f29b\" data-element_type=\"widget\" data-widget_type=\"text-editor.default\">\n\t\t\t\t<div class=\"elementor-widget-container\">\n\t\t\t\t\t\t\t\t\t<h4><strong>Tofu Marin\u00e9 en Carr\u00e9s<\/strong><\/h4>\n\t\nLes Carr\u00e9s de Tofu Marin\u00e9 de Les Aliments Horium sont l\u00e9g\u00e8rement assaisonn\u00e9s et ils ont une texture mi-ferme. Mang\u00e9s comme tel, ils sont un casse-cro\u00fbte savoureux. Ils peuvent \u00e9galement \u00eatre d\u00e9coup\u00e9s en tranches et employ\u00e9s de plusieurs fa\u00e7ons comme dans les salades, les stir-fries et les plats de nouilles. Disponible en paquets de 225 grammes.\t\t\t\t\t\t\t\t<\/div>\n\t\t\t\t<\/div>\n\t\t\t\t\t<\/div>\n\t\t<\/div>\n\t\t\t\t\t<\/div>\n\t\t<\/section>\n\t\t\t\t\t<\/div>\n\t\t<\/div>\n\t\t\t\t\t<\/div>\n\t\t<\/section>\n\t\t\t\t<section class=\"elementor-section elementor-top-section elementor-element elementor-element-93bf5f2 elementor-section-boxed elementor-section-height-default elementor-section-height-default\" data-id=\"93bf5f2\" data-element_type=\"section\">\n\t\t\t\t\t\t<div class=\"elementor-container elementor-column-gap-default\">\n\t\t\t\t\t<div class=\"elementor-column elementor-col-100 elementor-top-column elementor-element elementor-element-770c3a8\" data-id=\"770c3a8\" data-element_type=\"column\">\n\t\t\t<div class=\"elementor-widget-wrap elementor-element-populated\">\n\t\t\t\t\t\t<div class=\"elementor-element elementor-element-8922aa8 elementor-widget elementor-widget-spacer\" data-id=\"8922aa8\" data-element_type=\"widget\" data-widget_type=\"spacer.default\">\n\t\t\t\t<div class=\"elementor-widget-container\">\n\t\t\t\t\t\t\t<div class=\"elementor-spacer\">\n\t\t\t<div class=\"elementor-spacer-inner\"><\/div>\n\t\t<\/div>\n\t\t\t\t\t\t<\/div>\n\t\t\t\t<\/div>\n\t\t\t\t\t<\/div>\n\t\t<\/div>\n\t\t\t\t\t<\/div>\n\t\t<\/section>\n\t\t\t\t<\/div>","protected":false},"excerpt":{"rendered":"<p>Our Products Organic Firm Tofu Certified organic, Horium Foods Firm Tofu is the perfect compliment to stir-fries, soups and salads. It can also be used as a meat replacement in a variety of ways; try crumbling it into pasta sauce or even grilling it on the BBQ. The delicious and nutritious possibilities are endless. Available [&hellip;]<\/p>","protected":false},"author":1,"featured_media":0,"parent":0,"menu_order":0,"comment_status":"closed","ping_status":"closed","template":"","meta":{"site-sidebar-layout":"no-sidebar","site-content-layout":"page-builder","ast-site-content-layout":"default","site-content-style":"default","site-sidebar-style":"default","ast-global-header-display":"","ast-banner-title-visibility":"","ast-main-header-display":"","ast-hfb-above-header-display":"","ast-hfb-below-header-display":"","ast-hfb-mobile-header-display":"","site-post-title":"disabled","ast-breadcrumbs-content":"","ast-featured-img":"","footer-sml-layout":"","ast-disable-related-posts":"","theme-transparent-header-meta":"default","adv-header-id-meta":"","stick-header-meta":"","header-above-stick-meta":"","header-main-stick-meta":"","header-below-stick-meta":"","astra-migrate-meta-layouts":"default","ast-page-background-enabled":"default","ast-page-background-meta":{"desktop":{"background-color":"var(--ast-global-color-4)","background-image":"","background-repeat":"repeat","background-position":"center center","background-size":"auto","background-attachment":"scroll","background-type":"","background-media":"","overlay-type":"","overlay-color":"","overlay-opacity":"","overlay-gradient":""},"tablet":{"background-color":"","background-image":"","background-repeat":"repeat","background-position":"center center","background-size":"auto","background-attachment":"scroll","background-type":"","background-media":"","overlay-type":"","overlay-color":"","overlay-opacity":"","overlay-gradient":""},"mobile":{"background-color":"","background-image":"","background-repeat":"repeat","background-position":"center center","background-size":"auto","background-attachment":"scroll","background-type":"","background-media":"","overlay-type":"","overlay-color":"","overlay-opacity":"","overlay-gradient":""}},"ast-content-background-meta":{"desktop":{"background-color":"var(--ast-global-color-5)","background-image":"","background-repeat":"repeat","background-position":"center center","background-size":"auto","background-attachment":"scroll","background-type":"","background-media":"","overlay-type":"","overlay-color":"","overlay-opacity":"","overlay-gradient":""},"tablet":{"background-color":"var(--ast-global-color-5)","background-image":"","background-repeat":"repeat","background-position":"center center","background-size":"auto","background-attachment":"scroll","background-type":"","background-media":"","overlay-type":"","overlay-color":"","overlay-opacity":"","overlay-gradient":""},"mobile":{"background-color":"var(--ast-global-color-5)","background-image":"","background-repeat":"repeat","background-position":"center center","background-size":"auto","background-attachment":"scroll","background-type":"","background-media":"","overlay-type":"","overlay-color":"","overlay-opacity":"","overlay-gradient":""}},"footnotes":""},"class_list":["post-946","page","type-page","status-publish","hentry"],"_links":{"self":[{"href":"http:\/\/www.horium.ca\/fr\/wp-json\/wp\/v2\/pages\/946","targetHints":{"allow":["GET"]}}],"collection":[{"href":"http:\/\/www.horium.ca\/fr\/wp-json\/wp\/v2\/pages"}],"about":[{"href":"http:\/\/www.horium.ca\/fr\/wp-json\/wp\/v2\/types\/page"}],"author":[{"embeddable":true,"href":"http:\/\/www.horium.ca\/fr\/wp-json\/wp\/v2\/users\/1"}],"replies":[{"embeddable":true,"href":"http:\/\/www.horium.ca\/fr\/wp-json\/wp\/v2\/comments?post=946"}],"version-history":[{"count":58,"href":"http:\/\/www.horium.ca\/fr\/wp-json\/wp\/v2\/pages\/946\/revisions"}],"predecessor-version":[{"id":1199,"href":"http:\/\/www.horium.ca\/fr\/wp-json\/wp\/v2\/pages\/946\/revisions\/1199"}],"wp:attachment":[{"href":"http:\/\/www.horium.ca\/fr\/wp-json\/wp\/v2\/media?parent=946"}],"curies":[{"name":"wp","href":"https:\/\/api.w.org\/{rel}","templated":true}]}}